
{"id":74902,"date":"2025-03-07T10:30:57","date_gmt":"2025-03-07T10:30:57","guid":{"rendered":"https:\/\/staging.hilo.com\/aktiia-24-7-blood-pressure-monitor\/"},"modified":"2025-06-04T18:56:22","modified_gmt":"2025-06-04T18:56:22","slug":"tensiometre","status":"publish","type":"product","link":"https:\/\/hilo.wp-dev-stage.de\/ch-fr?product=tensiometre","title":{"rendered":"Hilo Band"},"content":{"rendered":"","protected":false},"excerpt":{"rendered":"<p>Notre tensiom\u00e8tre en continu, valid\u00e9 cliniquement, mesure ta pression art\u00e9rielle jour et nuit pour que tu n&#8217;aies pas \u00e0 le faire. Cette derni\u00e8re version pr\u00e9sente un design \u00e9tanche et l&#8217;int\u00e9gration harmonieuse avec l&#8217;appli Hilo pour des donn\u00e9es de sant\u00e9 personnalis\u00e9es en temps r\u00e9el.<\/p>\n","protected":false},"featured_media":151235,"template":"","meta":{"_acf_changed":false},"product_brand":[],"product_cat":[105],"product_tag":[],"class_list":{"0":"post-74902","1":"product","2":"type-product","3":"status-publish","4":"has-post-thumbnail","6":"product_cat-hilo","8":"first","9":"instock","10":"taxable","11":"shipping-taxable","12":"purchasable","13":"product-type-simple"},"acf":[],"_links":{"self":[{"href":"https:\/\/hilo.wp-dev-stage.de\/ch-fr\/index.php?rest_route=\/wp\/v2\/product\/74902","targetHints":{"allow":["GET"]}}],"collection":[{"href":"https:\/\/hilo.wp-dev-stage.de\/ch-fr\/index.php?rest_route=\/wp\/v2\/product"}],"about":[{"href":"https:\/\/hilo.wp-dev-stage.de\/ch-fr\/index.php?rest_route=\/wp\/v2\/types\/product"}],"wp:featuredmedia":[{"embeddable":true,"href":"https:\/\/hilo.wp-dev-stage.de\/ch-fr\/index.php?rest_route=\/wp\/v2\/media\/151235"}],"wp:attachment":[{"href":"https:\/\/hilo.wp-dev-stage.de\/ch-fr\/index.php?rest_route=%2Fwp%2Fv2%2Fmedia&parent=74902"}],"wp:term":[{"taxonomy":"product_brand","embeddable":true,"href":"https:\/\/hilo.wp-dev-stage.de\/ch-fr\/index.php?rest_route=%2Fwp%2Fv2%2Fproduct_brand&post=74902"},{"taxonomy":"product_cat","embeddable":true,"href":"https:\/\/hilo.wp-dev-stage.de\/ch-fr\/index.php?rest_route=%2Fwp%2Fv2%2Fproduct_cat&post=74902"},{"taxonomy":"product_tag","embeddable":true,"href":"https:\/\/hilo.wp-dev-stage.de\/ch-fr\/index.php?rest_route=%2Fwp%2Fv2%2Fproduct_tag&post=74902"}],"curies":[{"name":"wp","href":"https:\/\/api.w.org\/{rel}","templated":true}]}}