
{"id":74842,"date":"2025-03-07T10:30:55","date_gmt":"2025-03-07T10:30:55","guid":{"rendered":"https:\/\/staging.hilo.com\/charger-for-batches-202308a1-and-newer\/"},"modified":"2025-07-01T07:40:29","modified_gmt":"2025-07-01T07:40:29","slug":"charger-for-batches-202308a1-and-newer","status":"publish","type":"product","link":"https:\/\/hilo.wp-dev-stage.de\/es?product=charger-for-batches-202308a1-and-newer","title":{"rendered":"Cargador para Batches 202308A1\u2013202406A1"},"content":{"rendered":"<p>\u00bfNo est\u00e1s seguro de cu\u00e1l es tu batch? <a class=\"openBatchNumberPopup\" href=\"#scuaol\">Pincha aqu\u00ed<\/a><\/p>\n","protected":false},"excerpt":{"rendered":"<p>\u00bfNo est\u00e1s seguro de cu\u00e1l es tu batch? Pincha aqu\u00ed<\/p>\n","protected":false},"featured_media":74719,"template":"","meta":{"_acf_changed":false},"product_brand":[],"product_cat":[248],"product_tag":[],"class_list":{"0":"post-74842","1":"product","2":"type-product","3":"status-publish","4":"has-post-thumbnail","6":"product_cat-hilo","8":"first","9":"instock","10":"taxable","11":"shipping-taxable","12":"purchasable","13":"product-type-simple"},"acf":[],"_links":{"self":[{"href":"https:\/\/hilo.wp-dev-stage.de\/es\/index.php?rest_route=\/wp\/v2\/product\/74842","targetHints":{"allow":["GET"]}}],"collection":[{"href":"https:\/\/hilo.wp-dev-stage.de\/es\/index.php?rest_route=\/wp\/v2\/product"}],"about":[{"href":"https:\/\/hilo.wp-dev-stage.de\/es\/index.php?rest_route=\/wp\/v2\/types\/product"}],"wp:featuredmedia":[{"embeddable":true,"href":"https:\/\/hilo.wp-dev-stage.de\/es\/index.php?rest_route=\/wp\/v2\/media\/74719"}],"wp:attachment":[{"href":"https:\/\/hilo.wp-dev-stage.de\/es\/index.php?rest_route=%2Fwp%2Fv2%2Fmedia&parent=74842"}],"wp:term":[{"taxonomy":"product_brand","embeddable":true,"href":"https:\/\/hilo.wp-dev-stage.de\/es\/index.php?rest_route=%2Fwp%2Fv2%2Fproduct_brand&post=74842"},{"taxonomy":"product_cat","embeddable":true,"href":"https:\/\/hilo.wp-dev-stage.de\/es\/index.php?rest_route=%2Fwp%2Fv2%2Fproduct_cat&post=74842"},{"taxonomy":"product_tag","embeddable":true,"href":"https:\/\/hilo.wp-dev-stage.de\/es\/index.php?rest_route=%2Fwp%2Fv2%2Fproduct_tag&post=74842"}],"curies":[{"name":"wp","href":"https:\/\/api.w.org\/{rel}","templated":true}]}}