
{"id":141290,"date":"2025-04-10T07:28:17","date_gmt":"2025-04-10T07:28:17","guid":{"rendered":"https:\/\/staging.hilo.com\/replacement-unit-for-ip68-bands-with-data-matrix-code\/"},"modified":"2025-08-28T07:51:03","modified_gmt":"2025-08-28T07:51:03","slug":"replacement-unit-for-ip68-bands-with-data-matrix-code","status":"publish","type":"product","link":"https:\/\/hilo.wp-dev-stage.de\/fr?product=replacement-unit-for-ip68-bands-with-data-matrix-code","title":{"rendered":"Unit\u00e9 de remplacement pour bracelets IP68 imprim\u00e9s avec un Data Matrix (style code QR)"},"content":{"rendered":"<p>Vous n&rsquo;\u00eates pas s\u00fbr de votre mod\u00e8le ? <a class=\"openBatchdatamatrixPopup\" href=\"#xqpwok\">Cliquez ici<\/a><br \/>\nBracelet et brassard non inclus.<\/p>\n","protected":false},"excerpt":{"rendered":"<p>Vous n&rsquo;\u00eates pas s\u00fbr de votre mod\u00e8le ? Cliquez ici Bracelet et brassard non inclus.<\/p>\n","protected":false},"featured_media":74795,"template":"","meta":{"_acf_changed":false},"product_brand":[],"product_cat":[35],"product_tag":[],"class_list":{"0":"post-141290","1":"product","2":"type-product","3":"status-publish","4":"has-post-thumbnail","6":"product_cat-hilo","8":"first","9":"instock","10":"taxable","11":"shipping-taxable","12":"purchasable","13":"product-type-simple"},"acf":[],"_links":{"self":[{"href":"https:\/\/hilo.wp-dev-stage.de\/fr\/index.php?rest_route=\/wp\/v2\/product\/141290","targetHints":{"allow":["GET"]}}],"collection":[{"href":"https:\/\/hilo.wp-dev-stage.de\/fr\/index.php?rest_route=\/wp\/v2\/product"}],"about":[{"href":"https:\/\/hilo.wp-dev-stage.de\/fr\/index.php?rest_route=\/wp\/v2\/types\/product"}],"wp:featuredmedia":[{"embeddable":true,"href":"https:\/\/hilo.wp-dev-stage.de\/fr\/index.php?rest_route=\/wp\/v2\/media\/74795"}],"wp:attachment":[{"href":"https:\/\/hilo.wp-dev-stage.de\/fr\/index.php?rest_route=%2Fwp%2Fv2%2Fmedia&parent=141290"}],"wp:term":[{"taxonomy":"product_brand","embeddable":true,"href":"https:\/\/hilo.wp-dev-stage.de\/fr\/index.php?rest_route=%2Fwp%2Fv2%2Fproduct_brand&post=141290"},{"taxonomy":"product_cat","embeddable":true,"href":"https:\/\/hilo.wp-dev-stage.de\/fr\/index.php?rest_route=%2Fwp%2Fv2%2Fproduct_cat&post=141290"},{"taxonomy":"product_tag","embeddable":true,"href":"https:\/\/hilo.wp-dev-stage.de\/fr\/index.php?rest_route=%2Fwp%2Fv2%2Fproduct_tag&post=141290"}],"curies":[{"name":"wp","href":"https:\/\/api.w.org\/{rel}","templated":true}]}}